{"id":74,"date":"2017-12-14T10:19:00","date_gmt":"2017-12-14T10:19:00","guid":{"rendered":"http:\/\/ltzs.dev.gauss-it.com:11000\/?page_id=74"},"modified":"2023-03-07T11:50:38","modified_gmt":"2023-03-07T10:50:38","slug":"arak","status":"publish","type":"page","link":"http:\/\/ltzs.hu\/index.php\/arak\/","title":{"rendered":"Fot\u00f3z\u00e1s \u00e1rak"},"content":{"rendered":"<p style=\"text-align: left;\"><span style=\"color: #b57d7d;\"><em><strong>Esk\u00fcv\u0151 Fot\u00f3z\u00e1s: 50.000-100.000 Ft<\/strong><\/em><\/span><\/p>\n<ul>\n<li><span style=\"color: #b57d7d;\">Polg\u00e1ri vagy Templomi szertart\u00e1sr\u00f3l k\u00e9pek k\u00e9sz\u00edt\u00e9se<\/span><\/li>\n<li><span style=\"color: #b57d7d;\">Kreat\u00edv fot\u00f3z\u00e1s a szertart\u00e1s el\u0151tt vagy ut\u00e1n max. 1 \u00f3ra<\/span><\/li>\n<li><span style=\"color: #b57d7d;\">20 db retus\u00e1lt k\u00e9p, \u00f6sszesen kb.70-120 db k\u00e9p.<\/span><\/li>\n<li><span style=\"color: #b57d7d;\">k\u00e9pek \u00e1tad\u00e1sa D\u00edszbor\u00edt\u00e9kos CD\/DVD vagy online let\u00f6lt\u00e9s<\/span><\/li>\n<\/ul>\n<p><span style=\"color: #b57d7d;\"><em><strong>Nagy Esk\u00fcv\u0151i fot\u00f3z\u00e1s:<\/strong><\/em><\/span><\/p>\n<p><span style=\"color: #b57d7d;\">Megbesz\u00e9l\u00e9s alapj\u00e1n.<\/span><\/p>\n<p><span style=\"color: #b57d7d;\"><em><strong>Fot\u00f3z\u00e1s a szabadban: 45.000 Ft<\/strong><\/em><\/span><\/p>\n<ul>\n<li><span style=\"color: #b57d7d;\">1-1,5 \u00f3ra fot\u00f3z\u00e1s a szabadban (csal\u00e1d, gyerek, kismama, portr\u00e9 vagy p\u00e1r fot\u00f3z\u00e1s)<\/span><\/li>\n<li><span style=\"color: #b57d7d;\">20 db retus\u00e1lt k\u00e9p, \u00f6sszesen kb.60-100 k\u00e9p.<\/span><\/li>\n<li><span style=\"color: #b57d7d;\">k\u00e9pek \u00e1tad\u00e1sa CD\/DVD vagy online let\u00f6lt\u00e9s.<\/span><\/li>\n<\/ul>\n<p><em><strong><span style=\"color: #ba8a8a;\">Fot\u00f3z\u00e1s M\u0171teremben: 45.000 Ft<\/span><\/strong><\/em><\/p>\n<ul>\n<li><span style=\"color: #ba8a8a;\">1 \u00f3ra fot\u00f3z\u00e1s b\u00e9relhet\u0151 st\u00fadi\u00f3ban (csal\u00e1d, gyerek, kismama, jegyesp\u00e1r fot\u00f3z\u00e1s, glamour stb.)<\/span><\/li>\n<li><span style=\"color: #ba8a8a;\">Nincs h\u00e1tt\u00e9r \u00e9s ruha kik\u00f6t\u00e9s, minden mehet amit kital\u00e1lunk \u00e9s belef\u00e9r az id\u0151nkbe.<\/span><\/li>\n<li><span style=\"color: #ba8a8a;\">20 db retus\u00e1lt k\u00e9p, \u00f6sszesen kb.40-60 k\u00e9p<\/span><\/li>\n<li><span style=\"color: #ba8a8a;\">k\u00e9pek \u00e1tad\u00e1sa CD\/DVD vagy online let\u00f6lt\u00e9s.<\/span><\/li>\n<\/ul>\n<p><em><strong><span style=\"color: #b57f7f;\">Temet\u00e9s Fot\u00f3z\u00e1s: 25.000 Ft<\/span><\/strong><\/em><\/p>\n<ul>\n<li><span style=\"color: #b57f7f;\">Fot\u00f3z\u00e1s V\u00e1c \u00e9s k\u00f6rny\u00e9k\u00e9n maximum 1 \u00f3ra<\/span><\/li>\n<li><span style=\"color: #b57f7f;\">5-15 db fekete\/feh\u00e9r vagy sepia k\u00e9p, \u00f6sszesen 40-60 db k\u00e9p.<\/span><\/li>\n<li><span style=\"color: #b57f7f;\">k\u00e9pek \u00e1tad\u00e1sa CD\/DVD vagy online let\u00f6lt\u00e9s.<\/span><\/li>\n<\/ul>\n<p><span style=\"color: #b87979;\">Esem\u00e9ny, rendezv\u00e9ny, t\u00e1rgy \u00e9s rekl\u00e1m fot\u00f3z\u00e1s, egy\u00e9ni \u00f6tletek megval\u00f3s\u00edt\u00e1sa&#8230;.\u00a0 \u00a0 \u00a0 \u00a0 \u00a0 \u00a0 \u00a0 \u00a0 \u00a0 \u00a0 \u00a0 \u00a0 \u00a0 megbesz\u00e9l\u00e9s alapj\u00e1n. e-mail:<em><strong>\u00a0takacszs33 &#8222;kukac&#8221;.gmail.com<\/strong><\/em><\/span><\/p>\n","protected":false},"excerpt":{"rendered":"<p>Esk\u00fcv\u0151 Fot\u00f3z\u00e1s: 50.000-100.000 Ft Polg\u00e1ri vagy Templomi szertart\u00e1sr\u00f3l k\u00e9pek k\u00e9sz\u00edt\u00e9se Kreat\u00edv fot\u00f3z\u00e1s a szertart\u00e1s el\u0151tt vagy ut\u00e1n max. 1 \u00f3ra 20 db retus\u00e1lt k\u00e9p, \u00f6sszesen kb.70-120 db k\u00e9p. k\u00e9pek \u00e1tad\u00e1sa D\u00edszbor\u00edt\u00e9kos CD\/DVD vagy online let\u00f6lt\u00e9s Nagy Esk\u00fcv\u0151i fot\u00f3z\u00e1s: Megbesz\u00e9l\u00e9s alapj\u00e1n. Fot\u00f3z\u00e1s a szabadban: 45.000 Ft &hellip; <a href=\"http:\/\/ltzs.hu\/index.php\/arak\/\" class=\"more-link\"><span>Continue reading<span class=\"screen-reader-text\">Fot\u00f3z\u00e1s \u00e1rak<\/span><\/span><\/a><\/p>\n","protected":false},"author":1,"featured_media":0,"parent":0,"menu_order":0,"comment_status":"closed","ping_status":"closed","template":"","meta":{"footnotes":""},"_links":{"self":[{"href":"http:\/\/ltzs.hu\/index.php\/wp-json\/wp\/v2\/pages\/74"}],"collection":[{"href":"http:\/\/ltzs.hu\/index.php\/wp-json\/wp\/v2\/pages"}],"about":[{"href":"http:\/\/ltzs.hu\/index.php\/wp-json\/wp\/v2\/types\/page"}],"author":[{"embeddable":true,"href":"http:\/\/ltzs.hu\/index.php\/wp-json\/wp\/v2\/users\/1"}],"replies":[{"embeddable":true,"href":"http:\/\/ltzs.hu\/index.php\/wp-json\/wp\/v2\/comments?post=74"}],"version-history":[{"count":20,"href":"http:\/\/ltzs.hu\/index.php\/wp-json\/wp\/v2\/pages\/74\/revisions"}],"predecessor-version":[{"id":595,"href":"http:\/\/ltzs.hu\/index.php\/wp-json\/wp\/v2\/pages\/74\/revisions\/595"}],"wp:attachment":[{"href":"http:\/\/ltzs.hu\/index.php\/wp-json\/wp\/v2\/media?parent=74"}],"curies":[{"name":"wp","href":"https:\/\/api.w.org\/{rel}","templated":true}]}}