{"id":75,"date":"2017-12-14T10:19:00","date_gmt":"2017-12-14T10:19:00","guid":{"rendered":"http:\/\/ltzs.dev.gauss-it.com:11000\/?page_id=75"},"modified":"2023-03-01T11:53:46","modified_gmt":"2023-03-01T10:53:46","slug":"kapcsolat","status":"publish","type":"page","link":"http:\/\/ltzs.hu\/index.php\/kapcsolat\/","title":{"rendered":"kapcsolat"},"content":{"rendered":"<p style=\"text-align: left;\"><strong><span style=\"color: #c49191;\"><img loading=\"lazy\" decoding=\"async\" class=\"alignnone size-medium wp-image-126 alignright\" src=\"http:\/\/ltzs.dev.gauss-it.com:11000\/wp-content\/uploads\/2017\/12\/kost18-300x200.jpg\" alt=\"\" width=\"300\" height=\"200\" srcset=\"http:\/\/ltzs.hu\/wp-content\/uploads\/2017\/12\/kost18-300x200.jpg 300w, http:\/\/ltzs.hu\/wp-content\/uploads\/2017\/12\/kost18-768x512.jpg 768w, http:\/\/ltzs.hu\/wp-content\/uploads\/2017\/12\/kost18-1024x683.jpg 1024w, http:\/\/ltzs.hu\/wp-content\/uploads\/2017\/12\/kost18.jpg 1500w\" sizes=\"(max-width: 300px) 100vw, 300px\" \/>El\u00e9rhet\u0151s\u00e9gek:<\/span><\/strong><\/p>\n<p><span style=\"color: #c49191;\">e-mail: takacszs33&#8243;kukac&#8221;gmail.com<\/span><\/p>\n<p><span style=\"color: #c49191;\">mobil: 06 30 541-8834<\/span><\/p>\n<p><img loading=\"lazy\" decoding=\"async\" class=\"alignnone wp-image-115\" src=\"http:\/\/ltzs.dev.gauss-it.com:11000\/wp-content\/uploads\/2017\/12\/LTZ2-300x140.png\" alt=\"\" width=\"304\" height=\"142\" srcset=\"http:\/\/ltzs.hu\/wp-content\/uploads\/2017\/12\/LTZ2-300x140.png 300w, http:\/\/ltzs.hu\/wp-content\/uploads\/2017\/12\/LTZ2-768x359.png 768w, http:\/\/ltzs.hu\/wp-content\/uploads\/2017\/12\/LTZ2-1024x479.png 1024w\" sizes=\"(max-width: 304px) 100vw, 304px\" \/><\/p>\n\n\n<div class=\"wp-block-contact-form-7-contact-form-selector\">\n<div class=\"wpcf7 no-js\" id=\"wpcf7-f407-o1\" lang=\"hu-HU\" dir=\"ltr\">\n<div class=\"screen-reader-response\"><p role=\"status\" aria-live=\"polite\" aria-atomic=\"true\"><\/p> <ul><\/ul><\/div>\n<form action=\"\/index.php\/wp-json\/wp\/v2\/pages\/75#wpcf7-f407-o1\" method=\"post\" class=\"wpcf7-form init\" aria-label=\"Kapcsolatfelv\u00e9teli \u0171rlap\" novalidate=\"novalidate\" data-status=\"init\">\n<div style=\"display: none;\">\n<input type=\"hidden\" name=\"_wpcf7\" value=\"407\" \/>\n<input type=\"hidden\" name=\"_wpcf7_version\" value=\"5.9.3\" \/>\n<input type=\"hidden\" name=\"_wpcf7_locale\" value=\"hu_HU\" \/>\n<input type=\"hidden\" name=\"_wpcf7_unit_tag\" value=\"wpcf7-f407-o1\" \/>\n<input type=\"hidden\" name=\"_wpcf7_container_post\" value=\"0\" \/>\n<input type=\"hidden\" name=\"_wpcf7_posted_data_hash\" value=\"\" \/>\n<\/div>\n<p><span class=\"wpcf7-form-control-wrap\" data-name=\"checkbox-62\"><span class=\"wpcf7-form-control wpcf7-checkbox\"><\/span><\/span><br \/>\n<label> N\u00e9v (k\u00f6telez\u0151)<br \/>\n<span class=\"wpcf7-form-control-wrap\" data-name=\"your-name\"><input size=\"40\" class=\"wpcf7-form-control wpcf7-text wpcf7-validates-as-required\" aria-required=\"true\" aria-invalid=\"false\" value=\"\" type=\"text\" name=\"your-name\" \/><\/span> <\/label>\n<\/p>\n<p><label> Email c\u00edm (k\u00f6telez\u0151)<br \/>\n<span class=\"wpcf7-form-control-wrap\" data-name=\"your-email\"><input size=\"40\" class=\"wpcf7-form-control wpcf7-email wpcf7-validates-as-required wpcf7-text wpcf7-validates-as-email\" aria-required=\"true\" aria-invalid=\"false\" value=\"\" type=\"email\" name=\"your-email\" \/><\/span> <\/label>\n<\/p>\n<p><label> T\u00e1rgy<br \/>\n<span class=\"wpcf7-form-control-wrap\" data-name=\"your-subject\"><input size=\"40\" class=\"wpcf7-form-control wpcf7-text\" aria-invalid=\"false\" value=\"\" type=\"text\" name=\"your-subject\" \/><\/span> <\/label>\n<\/p>\n<p><label> \u00dczenet<br \/>\n<span class=\"wpcf7-form-control-wrap\" data-name=\"your-message\"><textarea cols=\"40\" rows=\"10\" class=\"wpcf7-form-control wpcf7-textarea\" aria-invalid=\"false\" name=\"your-message\"><\/textarea><\/span> <\/label>\n<\/p>\n<p><input class=\"wpcf7-form-control wpcf7-submit has-spinner\" type=\"submit\" value=\"K\u00fcld\u00e9s\" \/>\n<\/p><p style=\"display: none !important;\" class=\"akismet-fields-container\" data-prefix=\"_wpcf7_ak_\"><label>&#916;<textarea name=\"_wpcf7_ak_hp_textarea\" cols=\"45\" rows=\"8\" maxlength=\"100\"><\/textarea><\/label><input type=\"hidden\" id=\"ak_js_1\" name=\"_wpcf7_ak_js\" value=\"1\"\/><script>document.getElementById( \"ak_js_1\" ).setAttribute( \"value\", ( new Date() ).getTime() );<\/script><\/p><div class=\"wpcf7-response-output\" aria-hidden=\"true\"><\/div>\n<\/form>\n<\/div>\n<\/div>\n","protected":false},"excerpt":{"rendered":"<p>El\u00e9rhet\u0151s\u00e9gek: e-mail: takacszs33&#8243;kukac&#8221;gmail.com mobil: 06 30 541-8834<\/p>\n","protected":false},"author":1,"featured_media":0,"parent":0,"menu_order":0,"comment_status":"closed","ping_status":"closed","template":"","meta":{"footnotes":""},"_links":{"self":[{"href":"http:\/\/ltzs.hu\/index.php\/wp-json\/wp\/v2\/pages\/75"}],"collection":[{"href":"http:\/\/ltzs.hu\/index.php\/wp-json\/wp\/v2\/pages"}],"about":[{"href":"http:\/\/ltzs.hu\/index.php\/wp-json\/wp\/v2\/types\/page"}],"author":[{"embeddable":true,"href":"http:\/\/ltzs.hu\/index.php\/wp-json\/wp\/v2\/users\/1"}],"replies":[{"embeddable":true,"href":"http:\/\/ltzs.hu\/index.php\/wp-json\/wp\/v2\/comments?post=75"}],"version-history":[{"count":9,"href":"http:\/\/ltzs.hu\/index.php\/wp-json\/wp\/v2\/pages\/75\/revisions"}],"predecessor-version":[{"id":590,"href":"http:\/\/ltzs.hu\/index.php\/wp-json\/wp\/v2\/pages\/75\/revisions\/590"}],"wp:attachment":[{"href":"http:\/\/ltzs.hu\/index.php\/wp-json\/wp\/v2\/media?parent=75"}],"curies":[{"name":"wp","href":"https:\/\/api.w.org\/{rel}","templated":true}]}}